{"id":80,"date":"2021-07-21T18:57:32","date_gmt":"2021-07-21T18:57:32","guid":{"rendered":"https:\/\/www.roblenegrocr.com\/?page_id=80"},"modified":"2021-07-21T20:31:32","modified_gmt":"2021-07-21T20:31:32","slug":"clientes-actuales","status":"publish","type":"page","link":"https:\/\/www.roblenegrocr.com\/?page_id=80","title":{"rendered":"Clientes actuales"},"content":{"rendered":"\n<h2 class=\"wp-block-heading\"><strong>Nuestros clientes<\/strong><\/h2>\n\n\n\n<p>Trabajamos arduamente para producir un producto de excelente calidad para todos nuestros clientes, por lo que estamos en constante b\u00fasqueda de c\u00f3mo mejorar nuestros procesos y mantener nuestro est\u00e1ndar alto.<\/p>\n\n\n\n<p>Cada a\u00f1o recibimos visitas en los meses de febrero y marzo, en donde atendemos clientes actuales y potenciales, les mostramos la finca, los procesos que trabajamos, el manejo de los recursos involucrados y les damos la experiencia completa de qu\u00e9 simboliza el caf\u00e9 en nuestras vidas.<\/p>\n\n\n\n<p>Actualmente estos son nuestros clientes:<\/p>\n\n\n\n<div style=\"height:100px\" aria-hidden=\"true\" class=\"wp-block-spacer\"><\/div>\n\n\n\n<h2 class=\"wp-block-heading\"><strong>Internacionales<\/strong><\/h2>\n\n\n\n<h3 class=\"wp-block-heading\"><strong>USA<\/strong><\/h3>\n\n\n\n<ul class=\"wp-block-list\"><li>Hubbard &amp; Cravens \u2013 Indianapolis, Indiana<ul><li>State Golden \u2013 Nashville, Tennessee<\/li><\/ul><ul><li>Anthology \u2013 Detroit, Michigan<\/li><\/ul><ul><li>Ally Coffee \u2013 alrededor del mundo<\/li><\/ul><\/li><\/ul>\n\n\n\n<div style=\"height:100px\" aria-hidden=\"true\" class=\"wp-block-spacer\"><\/div>\n\n\n\n<h3 class=\"wp-block-heading\"><strong>Europa<\/strong><\/h3>\n\n\n\n<ul class=\"wp-block-list\"><li>Prolog \u2013 Copenhagen, Dinamarca<\/li><\/ul>\n\n\n\n<div style=\"height:100px\" aria-hidden=\"true\" class=\"wp-block-spacer\"><\/div>\n\n\n\n<h2 class=\"wp-block-heading\"><strong>Nacionales<\/strong><\/h2>\n\n\n\n<ul class=\"wp-block-list\"><li>Cabra Negra \u2013 Barrio Dent, San Jos\u00e9<\/li><li>Santo Caf\u00e9 \u2013 Curridabat, San Jos\u00e9<\/li><li>Caf\u00e9 9 \u2013 Barrio Dent, San Jos\u00e9<\/li><\/ul>\n","protected":false},"excerpt":{"rendered":"<p>Nuestros clientes Trabajamos arduamente para producir un producto de excelente calidad para todos nuestros clientes, por lo que estamos en constante b\u00fasqueda de c\u00f3mo mejorar nuestros procesos y mantener nuestro &#8230;<\/p>\n","protected":false},"author":1,"featured_media":0,"parent":0,"menu_order":0,"comment_status":"closed","ping_status":"closed","template":"","meta":{"nf_dc_page":"","om_disable_all_campaigns":false,"WB4WB4WP_MODE":"","WB4WP_PAGE_SCRIPTS":"","WB4WP_PAGE_STYLES":"","WB4WP_PAGE_FONTS":"","WB4WP_PAGE_HEADER":"","WB4WP_PAGE_FOOTER":"","_monsterinsights_skip_tracking":false,"_monsterinsights_sitenote_active":false,"_monsterinsights_sitenote_note":"","_monsterinsights_sitenote_category":0,"footnotes":""},"class_list":["post-80","page","type-page","status-publish","hentry"],"aioseo_notices":[],"jetpack_sharing_enabled":true,"_links":{"self":[{"href":"https:\/\/www.roblenegrocr.com\/index.php?rest_route=\/wp\/v2\/pages\/80","targetHints":{"allow":["GET"]}}],"collection":[{"href":"https:\/\/www.roblenegrocr.com\/index.php?rest_route=\/wp\/v2\/pages"}],"about":[{"href":"https:\/\/www.roblenegrocr.com\/index.php?rest_route=\/wp\/v2\/types\/page"}],"author":[{"embeddable":true,"href":"https:\/\/www.roblenegrocr.com\/index.php?rest_route=\/wp\/v2\/users\/1"}],"replies":[{"embeddable":true,"href":"https:\/\/www.roblenegrocr.com\/index.php?rest_route=%2Fwp%2Fv2%2Fcomments&post=80"}],"version-history":[{"count":2,"href":"https:\/\/www.roblenegrocr.com\/index.php?rest_route=\/wp\/v2\/pages\/80\/revisions"}],"predecessor-version":[{"id":131,"href":"https:\/\/www.roblenegrocr.com\/index.php?rest_route=\/wp\/v2\/pages\/80\/revisions\/131"}],"wp:attachment":[{"href":"https:\/\/www.roblenegrocr.com\/index.php?rest_route=%2Fwp%2Fv2%2Fmedia&parent=80"}],"curies":[{"name":"wp","href":"https:\/\/api.w.org\/{rel}","templated":true}]}}