{"id":79,"date":"2021-07-21T18:57:23","date_gmt":"2021-07-21T18:57:23","guid":{"rendered":"https:\/\/www.roblenegrocr.com\/?page_id=79"},"modified":"2021-07-21T20:27:04","modified_gmt":"2021-07-21T20:27:04","slug":"practicas-circulares","status":"publish","type":"page","link":"https:\/\/www.roblenegrocr.com\/?page_id=79","title":{"rendered":"Pr\u00e1cticas circulares"},"content":{"rendered":"\n<h2 class=\"wp-block-heading\"><strong>Pr\u00e1cticas circulares relacionadas al caf\u00e9<\/strong><\/h2>\n\n\n\n<p>Roble Negro es una empresa caracterizada por su compromiso con el medio ambiente, es por eso que nos regimos por los siguientes principios de econom\u00eda circular:<\/p>\n\n\n\n<div style=\"height:100px\" aria-hidden=\"true\" class=\"wp-block-spacer\"><\/div>\n\n\n\n<p><strong>Principio #1: Cero Desperdicio (Waste = Food)<\/strong><\/p>\n\n\n\n<ul class=\"wp-block-list\"><li>Uso de fertilizante naturales: a base de la pulpa del caf\u00e9 con lombrices de tierra para las otras plantaciones<\/li><li>Tanques de fermentaci\u00f3n: el agua del proceso de lavado se utiliza como riego de los potreros y las plantas de ma\u00edz<\/li><li>Control de maleza: las ovejas ayudan a reducir la cantidad de maleza en las plantaciones de caf\u00e9, as\u00ed como las horas hombres, y ayudan a fertilizar la tierra de los cafetales.<\/li><li>Fungicidas naturales:<ul><li>Sulfato de calcio \u2013 ayuda a prevenir enfermedades<\/li><\/ul><ul><li>Uso de microorganismos de monta\u00f1a: creados a partir de hojas y hongos del bosque<\/li><\/ul><\/li><\/ul>\n\n\n\n<p><strong>Principio #2: Uso de energ\u00eda de fuentes renovables<\/strong><\/p>\n\n\n\n<ul class=\"wp-block-list\"><li>Paneles solares<\/li><li>Estaci\u00f3n gravitacional: el caf\u00e9 se transporta de las plantaciones de caf\u00e9 hasta el beneficio a trav\u00e9s de la gravedad, lo que contribuye a la disminuci\u00f3n del consumo el\u00e9ctrico y al uso de energ\u00edas limpias, as\u00ed como el aprovechamiento de los recursos naturales que nos da la finca<\/li><\/ul>\n\n\n\n<p><strong>Principio #3: Pensar en Sistemas<\/strong><\/p>\n\n\n\n<ul class=\"wp-block-list\"><li>Bolsas de pl\u00e1stico de sacos de caf\u00e9: dado que el caf\u00e9 se debe exportar en bolsas de pl\u00e1stico para conservar sus propiedades, buscamos que, al firmar contratos con nuestros clientes, ellos se comprometan con darle un uso adecuado a las bolsas o bien se aseguren de enviarlas a reciclaje. A pesar de que no podemos controlar el procesamiento de este desecho, nos preocupamos porque nuestros clientes se encarguen de darles el adecuado mantenimiento y as\u00ed disminuir la contaminaci\u00f3n de pl\u00e1stico.<\/li><\/ul>\n","protected":false},"excerpt":{"rendered":"<p>Pr\u00e1cticas circulares relacionadas al caf\u00e9 Roble Negro es una empresa caracterizada por su compromiso con el medio ambiente, es por eso que nos regimos por los siguientes principios de econom\u00eda &#8230;<\/p>\n","protected":false},"author":1,"featured_media":0,"parent":0,"menu_order":0,"comment_status":"closed","ping_status":"closed","template":"","meta":{"nf_dc_page":"","om_disable_all_campaigns":false,"WB4WB4WP_MODE":"","WB4WP_PAGE_SCRIPTS":"","WB4WP_PAGE_STYLES":"","WB4WP_PAGE_FONTS":"","WB4WP_PAGE_HEADER":"","WB4WP_PAGE_FOOTER":"","_monsterinsights_skip_tracking":false,"_monsterinsights_sitenote_active":false,"_monsterinsights_sitenote_note":"","_monsterinsights_sitenote_category":0,"footnotes":""},"class_list":["post-79","page","type-page","status-publish","hentry"],"aioseo_notices":[],"jetpack_sharing_enabled":true,"_links":{"self":[{"href":"https:\/\/www.roblenegrocr.com\/index.php?rest_route=\/wp\/v2\/pages\/79","targetHints":{"allow":["GET"]}}],"collection":[{"href":"https:\/\/www.roblenegrocr.com\/index.php?rest_route=\/wp\/v2\/pages"}],"about":[{"href":"https:\/\/www.roblenegrocr.com\/index.php?rest_route=\/wp\/v2\/types\/page"}],"author":[{"embeddable":true,"href":"https:\/\/www.roblenegrocr.com\/index.php?rest_route=\/wp\/v2\/users\/1"}],"replies":[{"embeddable":true,"href":"https:\/\/www.roblenegrocr.com\/index.php?rest_route=%2Fwp%2Fv2%2Fcomments&post=79"}],"version-history":[{"count":2,"href":"https:\/\/www.roblenegrocr.com\/index.php?rest_route=\/wp\/v2\/pages\/79\/revisions"}],"predecessor-version":[{"id":130,"href":"https:\/\/www.roblenegrocr.com\/index.php?rest_route=\/wp\/v2\/pages\/79\/revisions\/130"}],"wp:attachment":[{"href":"https:\/\/www.roblenegrocr.com\/index.php?rest_route=%2Fwp%2Fv2%2Fmedia&parent=79"}],"curies":[{"name":"wp","href":"https:\/\/api.w.org\/{rel}","templated":true}]}}