{"id":71,"date":"2021-07-21T18:56:58","date_gmt":"2021-07-21T18:56:58","guid":{"rendered":"https:\/\/www.roblenegrocr.com\/?page_id=71"},"modified":"2021-07-21T20:25:54","modified_gmt":"2021-07-21T20:25:54","slug":"que-pasa-luego-del-proceso-de-beneficiado","status":"publish","type":"page","link":"https:\/\/www.roblenegrocr.com\/?page_id=71","title":{"rendered":"\u00bfQu\u00e9 pasa luego del proceso de beneficiado?"},"content":{"rendered":"\n<h2 class=\"wp-block-heading\"><strong>\u00bfQu\u00e9 pasa luego del proceso de beneficiado?<\/strong><\/h2>\n\n\n\n<p>Luego de haber trabajado el caf\u00e9 en el beneficio llega el momento conocido como proceso de almacenaje, donde se depositan los granos en bolsas pl\u00e1sticas especiales y sacos a fin de que el caf\u00e9 inicie un periodo de reposo de al menos un mes y medio para iniciar las cataciones de los lotes.<\/p>\n\n\n\n<p>Una vez solicitado los lotes para la exportaci\u00f3n una semana antes se procede a pelar el grano que est\u00e1 guardado con el pergamino para los procesos de honey y lavado y para el natural con toda la pulpa seca. Luego se seleccionan los granos de caf\u00e9, en donde se remueven los quebrados o defectuosos, ya sea por su tama\u00f1o o alguna otra especificaci\u00f3n solicitada por el cliente.<\/p>\n\n\n\n<p>Se empaca de acuerdo con lo acordado con los clientes, ya sean sacos de yute, bolsa al vac\u00edo cajas de cart\u00f3n, as\u00ed como el peso que el cliente quiera que se le env\u00ede. El m\u00e1s usado son los sacos de yute de 69 kilos de caf\u00e9 en oro.&nbsp;<\/p>\n\n\n\n<ul class=\"wp-block-list\"><li>Usar imagen 35. Cataciones de caf\u00e9<\/li><\/ul>\n\n\n\n<div style=\"height:100px\" aria-hidden=\"true\" class=\"wp-block-spacer\"><\/div>\n","protected":false},"excerpt":{"rendered":"<p>\u00bfQu\u00e9 pasa luego del proceso de beneficiado? Luego de haber trabajado el caf\u00e9 en el beneficio llega el momento conocido como proceso de almacenaje, donde se depositan los granos en &#8230;<\/p>\n","protected":false},"author":1,"featured_media":0,"parent":0,"menu_order":0,"comment_status":"closed","ping_status":"closed","template":"","meta":{"nf_dc_page":"","om_disable_all_campaigns":false,"WB4WB4WP_MODE":"","WB4WP_PAGE_SCRIPTS":"","WB4WP_PAGE_STYLES":"","WB4WP_PAGE_FONTS":"","WB4WP_PAGE_HEADER":"","WB4WP_PAGE_FOOTER":"","_monsterinsights_skip_tracking":false,"_monsterinsights_sitenote_active":false,"_monsterinsights_sitenote_note":"","_monsterinsights_sitenote_category":0,"footnotes":""},"class_list":["post-71","page","type-page","status-publish","hentry"],"aioseo_notices":[],"jetpack_sharing_enabled":true,"_links":{"self":[{"href":"https:\/\/www.roblenegrocr.com\/index.php?rest_route=\/wp\/v2\/pages\/71","targetHints":{"allow":["GET"]}}],"collection":[{"href":"https:\/\/www.roblenegrocr.com\/index.php?rest_route=\/wp\/v2\/pages"}],"about":[{"href":"https:\/\/www.roblenegrocr.com\/index.php?rest_route=\/wp\/v2\/types\/page"}],"author":[{"embeddable":true,"href":"https:\/\/www.roblenegrocr.com\/index.php?rest_route=\/wp\/v2\/users\/1"}],"replies":[{"embeddable":true,"href":"https:\/\/www.roblenegrocr.com\/index.php?rest_route=%2Fwp%2Fv2%2Fcomments&post=71"}],"version-history":[{"count":2,"href":"https:\/\/www.roblenegrocr.com\/index.php?rest_route=\/wp\/v2\/pages\/71\/revisions"}],"predecessor-version":[{"id":129,"href":"https:\/\/www.roblenegrocr.com\/index.php?rest_route=\/wp\/v2\/pages\/71\/revisions\/129"}],"wp:attachment":[{"href":"https:\/\/www.roblenegrocr.com\/index.php?rest_route=%2Fwp%2Fv2%2Fmedia&parent=71"}],"curies":[{"name":"wp","href":"https:\/\/api.w.org\/{rel}","templated":true}]}}