{"id":66,"date":"2021-07-21T18:55:11","date_gmt":"2021-07-21T18:55:11","guid":{"rendered":"https:\/\/www.roblenegrocr.com\/?page_id=66"},"modified":"2021-07-21T20:15:42","modified_gmt":"2021-07-21T20:15:42","slug":"datos-generales-de-la-produccion","status":"publish","type":"page","link":"https:\/\/www.roblenegrocr.com\/?page_id=66","title":{"rendered":"Datos generales de la producci\u00f3n"},"content":{"rendered":"\n<h2 class=\"wp-block-heading\"><strong>Datos generales de las plantaciones de caf\u00e9<\/strong><\/h2>\n\n\n\n<p>Actualmente se tienen sembradas 2.5 hect\u00e1reas de caf\u00e9, aunque se planea extender la producci\u00f3n en 2 hect\u00e1reas adicionales. De las existentes, 1 hect\u00e1rea tiene m\u00e1s de 25 a\u00f1os de haber sido cultivada y cuenta con alrededor de 3.000 plantas, las cuales se han empezado a renovar desde el a\u00f1o 2014 y se espera terminar en los pr\u00f3ximos 2 a\u00f1os.<\/p>\n\n\n\n<p>Adem\u00e1s, hay media hect\u00e1rea con cultivos nuevos que tiene 5 a\u00f1os de establecida y cuenta con alrededor de 2.000 plantas, las cuales fueron sembradas en el 2010 y empezaron a producir en el a\u00f1o 2015. La \u00faltima hect\u00e1rea se sembr\u00f3 en el 2015 y fue la mayor hasta el momento pues cont\u00f3 con la plantaci\u00f3n de 4.000 plantas, las cuales se espera que produzcan excelentes resultados en los pr\u00f3ximos 2 a\u00f1os.<\/p>\n\n\n\n<p>La siembra de plantas nuevas de caf\u00e9 se realiza a inicios de la estaci\u00f3n lluviosa, es decir, entre los meses de mayo y junio. Las plantas se obtienen de alm\u00e1cigos de la zona y requieren de gran cuidado sobre todo el primer a\u00f1o dado que es muy importante que hagan la formaci\u00f3n de ra\u00edces y follaje r\u00e1pidamente para poder resistir la transici\u00f3n de un \u00e1rea controlada de cultivo a un campo abierto y soportar su primera \u00e9poca seca que se da a pocos meses despu\u00e9s de la siembra.<\/p>\n\n\n\n<p>Para las plantaciones se evita el uso de agroqu\u00edmicos en el cultivo al m\u00e1ximo, y se ha tenido gran \u00e9xito con la utilizaci\u00f3n de fungicidas naturales como los microorganismos de monta\u00f1a y la tricodermia, ya que son un medio para combatir plagas tales como el hongo de la roya e insectos da\u00f1inos como la cochinilla. Esta pr\u00e1ctica tambi\u00e9n es beneficiosa pues le aporta al suelo elementos como el f\u00f3sforo y le ayuda a tener mayor facilidad para absorci\u00f3n de nutrientes.<\/p>\n\n\n\n<p>Adicional a lo anterior, se trabaja con una mezcla de sufalto de calcio (azufre y cal cocinado) puesto que combate la antracnosis, un hongo que da\u00f1a las hojas de la planta y el grano en los meses de setiembre y octubre, que es cuando el volumen de lluvias incrementa sustancialmente.<\/p>\n\n\n\n<ul class=\"wp-block-list\"><li>Usar las siguientes im\u00e1genes:<ul><li>22. Plantas de caf\u00e9 y 23. Planta sola<\/li><\/ul><\/li><\/ul>\n\n\n\n<div style=\"height:100px\" aria-hidden=\"true\" class=\"wp-block-spacer\"><\/div>\n","protected":false},"excerpt":{"rendered":"<p>Datos generales de las plantaciones de caf\u00e9 Actualmente se tienen sembradas 2.5 hect\u00e1reas de caf\u00e9, aunque se planea extender la producci\u00f3n en 2 hect\u00e1reas adicionales. De las existentes, 1 hect\u00e1rea &#8230;<\/p>\n","protected":false},"author":1,"featured_media":0,"parent":0,"menu_order":0,"comment_status":"closed","ping_status":"closed","template":"","meta":{"nf_dc_page":"","om_disable_all_campaigns":false,"WB4WB4WP_MODE":"","WB4WP_PAGE_SCRIPTS":"","WB4WP_PAGE_STYLES":"","WB4WP_PAGE_FONTS":"","WB4WP_PAGE_HEADER":"","WB4WP_PAGE_FOOTER":"","_monsterinsights_skip_tracking":false,"_monsterinsights_sitenote_active":false,"_monsterinsights_sitenote_note":"","_monsterinsights_sitenote_category":0,"footnotes":""},"class_list":["post-66","page","type-page","status-publish","hentry"],"aioseo_notices":[],"jetpack_sharing_enabled":true,"_links":{"self":[{"href":"https:\/\/www.roblenegrocr.com\/index.php?rest_route=\/wp\/v2\/pages\/66","targetHints":{"allow":["GET"]}}],"collection":[{"href":"https:\/\/www.roblenegrocr.com\/index.php?rest_route=\/wp\/v2\/pages"}],"about":[{"href":"https:\/\/www.roblenegrocr.com\/index.php?rest_route=\/wp\/v2\/types\/page"}],"author":[{"embeddable":true,"href":"https:\/\/www.roblenegrocr.com\/index.php?rest_route=\/wp\/v2\/users\/1"}],"replies":[{"embeddable":true,"href":"https:\/\/www.roblenegrocr.com\/index.php?rest_route=%2Fwp%2Fv2%2Fcomments&post=66"}],"version-history":[{"count":2,"href":"https:\/\/www.roblenegrocr.com\/index.php?rest_route=\/wp\/v2\/pages\/66\/revisions"}],"predecessor-version":[{"id":124,"href":"https:\/\/www.roblenegrocr.com\/index.php?rest_route=\/wp\/v2\/pages\/66\/revisions\/124"}],"wp:attachment":[{"href":"https:\/\/www.roblenegrocr.com\/index.php?rest_route=%2Fwp%2Fv2%2Fmedia&parent=66"}],"curies":[{"name":"wp","href":"https:\/\/api.w.org\/{rel}","templated":true}]}}