{"id":52,"date":"2021-07-21T18:51:08","date_gmt":"2021-07-21T18:51:08","guid":{"rendered":"https:\/\/www.roblenegrocr.com\/?page_id=52"},"modified":"2021-07-21T20:13:34","modified_gmt":"2021-07-21T20:13:34","slug":"practicas-de-sostenibilidad-de-la-finca","status":"publish","type":"page","link":"https:\/\/www.roblenegrocr.com\/?page_id=52","title":{"rendered":"Pr\u00e1cticas de sostenibilidad de la finca"},"content":{"rendered":"\n<h2 class=\"wp-block-heading\"><strong>Pr\u00e1cticas de Sostenibilidad de la finca<\/strong><\/h2>\n\n\n\n<p>En la finca trabajamos diferentes t\u00e9cnicas de sostenibilidad e intentamos aplicar la econom\u00eda circular.<\/p>\n","protected":false},"excerpt":{"rendered":"<p>Pr\u00e1cticas de Sostenibilidad de la finca En la finca trabajamos diferentes t\u00e9cnicas de sostenibilidad e intentamos aplicar la econom\u00eda circular.<\/p>\n","protected":false},"author":1,"featured_media":0,"parent":0,"menu_order":0,"comment_status":"closed","ping_status":"closed","template":"","meta":{"nf_dc_page":"","om_disable_all_campaigns":false,"WB4WB4WP_MODE":"","WB4WP_PAGE_SCRIPTS":"","WB4WP_PAGE_STYLES":"","WB4WP_PAGE_FONTS":"","WB4WP_PAGE_HEADER":"","WB4WP_PAGE_FOOTER":"","_monsterinsights_skip_tracking":false,"_monsterinsights_sitenote_active":false,"_monsterinsights_sitenote_note":"","_monsterinsights_sitenote_category":0,"footnotes":""},"class_list":["post-52","page","type-page","status-publish","hentry"],"aioseo_notices":[],"jetpack_sharing_enabled":true,"_links":{"self":[{"href":"https:\/\/www.roblenegrocr.com\/index.php?rest_route=\/wp\/v2\/pages\/52","targetHints":{"allow":["GET"]}}],"collection":[{"href":"https:\/\/www.roblenegrocr.com\/index.php?rest_route=\/wp\/v2\/pages"}],"about":[{"href":"https:\/\/www.roblenegrocr.com\/index.php?rest_route=\/wp\/v2\/types\/page"}],"author":[{"embeddable":true,"href":"https:\/\/www.roblenegrocr.com\/index.php?rest_route=\/wp\/v2\/users\/1"}],"replies":[{"embeddable":true,"href":"https:\/\/www.roblenegrocr.com\/index.php?rest_route=%2Fwp%2Fv2%2Fcomments&post=52"}],"version-history":[{"count":2,"href":"https:\/\/www.roblenegrocr.com\/index.php?rest_route=\/wp\/v2\/pages\/52\/revisions"}],"predecessor-version":[{"id":122,"href":"https:\/\/www.roblenegrocr.com\/index.php?rest_route=\/wp\/v2\/pages\/52\/revisions\/122"}],"wp:attachment":[{"href":"https:\/\/www.roblenegrocr.com\/index.php?rest_route=%2Fwp%2Fv2%2Fmedia&parent=52"}],"curies":[{"name":"wp","href":"https:\/\/api.w.org\/{rel}","templated":true}]}}