{"id":51,"date":"2021-07-21T18:50:56","date_gmt":"2021-07-21T18:50:56","guid":{"rendered":"https:\/\/www.roblenegrocr.com\/?page_id=51"},"modified":"2021-07-21T20:12:43","modified_gmt":"2021-07-21T20:12:43","slug":"certificaciones","status":"publish","type":"page","link":"https:\/\/www.roblenegrocr.com\/?page_id=51","title":{"rendered":"Certificaciones"},"content":{"rendered":"\n<h2 class=\"wp-block-heading\"><strong>Certificaciones<\/strong><\/h2>\n\n\n\n<p>Actualmente tenemos la certificaci\u00f3n Bandera Azul Ecol\u00f3gica que es un galard\u00f3n que premia el esfuerzo y trabajo voluntario de diferentes empresas que buscan mejorar las condiciones ambientes y de esta forma mitigar el cambio clim\u00e1tico. La certificaci\u00f3n que tenemos es de 2 estrellas y esperamos a mediano plazo obtener la siguiente categor\u00eda.<\/p>\n\n\n\n<p>Nuestro objetivo a largo plazo es obtener la certificaci\u00f3n de Rainforest Alliance, la cual acreditar\u00eda que la finca trabaja cumpliendo las normas de sostenibilidad ambiental, social y econ\u00f3mica, y en convertirnos en una finca carbono neutral, pues nuestro principal objetivo es la conservaci\u00f3n del medio ambiente. Adem\u00e1s, estamos trabajando para obtener la designaci\u00f3n de marca pa\u00eds y ser nombrados como Esencial Costa Rica.<\/p>\n\n\n\n<div style=\"height:100px\" aria-hidden=\"true\" class=\"wp-block-spacer\"><\/div>\n","protected":false},"excerpt":{"rendered":"<p>Certificaciones Actualmente tenemos la certificaci\u00f3n Bandera Azul Ecol\u00f3gica que es un galard\u00f3n que premia el esfuerzo y trabajo voluntario de diferentes empresas que buscan mejorar las condiciones ambientes y de &#8230;<\/p>\n","protected":false},"author":1,"featured_media":0,"parent":0,"menu_order":0,"comment_status":"closed","ping_status":"closed","template":"","meta":{"nf_dc_page":"","om_disable_all_campaigns":false,"WB4WB4WP_MODE":"","WB4WP_PAGE_SCRIPTS":"","WB4WP_PAGE_STYLES":"","WB4WP_PAGE_FONTS":"","WB4WP_PAGE_HEADER":"","WB4WP_PAGE_FOOTER":"","_monsterinsights_skip_tracking":false,"_monsterinsights_sitenote_active":false,"_monsterinsights_sitenote_note":"","_monsterinsights_sitenote_category":0,"footnotes":""},"class_list":["post-51","page","type-page","status-publish","hentry"],"aioseo_notices":[],"jetpack_sharing_enabled":true,"_links":{"self":[{"href":"https:\/\/www.roblenegrocr.com\/index.php?rest_route=\/wp\/v2\/pages\/51","targetHints":{"allow":["GET"]}}],"collection":[{"href":"https:\/\/www.roblenegrocr.com\/index.php?rest_route=\/wp\/v2\/pages"}],"about":[{"href":"https:\/\/www.roblenegrocr.com\/index.php?rest_route=\/wp\/v2\/types\/page"}],"author":[{"embeddable":true,"href":"https:\/\/www.roblenegrocr.com\/index.php?rest_route=\/wp\/v2\/users\/1"}],"replies":[{"embeddable":true,"href":"https:\/\/www.roblenegrocr.com\/index.php?rest_route=%2Fwp%2Fv2%2Fcomments&post=51"}],"version-history":[{"count":2,"href":"https:\/\/www.roblenegrocr.com\/index.php?rest_route=\/wp\/v2\/pages\/51\/revisions"}],"predecessor-version":[{"id":121,"href":"https:\/\/www.roblenegrocr.com\/index.php?rest_route=\/wp\/v2\/pages\/51\/revisions\/121"}],"wp:attachment":[{"href":"https:\/\/www.roblenegrocr.com\/index.php?rest_route=%2Fwp%2Fv2%2Fmedia&parent=51"}],"curies":[{"name":"wp","href":"https:\/\/api.w.org\/{rel}","templated":true}]}}