{"id":44,"date":"2021-07-21T18:50:26","date_gmt":"2021-07-21T18:50:26","guid":{"rendered":"https:\/\/www.roblenegrocr.com\/?page_id=44"},"modified":"2021-07-21T20:10:32","modified_gmt":"2021-07-21T20:10:32","slug":"area-de-poteros-y-cumbres","status":"publish","type":"page","link":"https:\/\/www.roblenegrocr.com\/?page_id=44","title":{"rendered":"\u00c1rea de potreros y cumbres"},"content":{"rendered":"\n<h2 class=\"wp-block-heading\"><strong>\u00c1rea de Potreros<\/strong><\/h2>\n\n\n\n<p>En el \u00e1rea de potreros se mantiene una cantidad promedio de 10 cabezas de ganado con el prop\u00f3sito de obtener carne y leche para generar un ingreso adicional y que el mismo funcione para el mantenimiento del \u00e1rea destinada a potreros.<\/p>\n\n\n\n<p>Asimismo, hay 15 ovejas, que se encargan de consumir la mayor parte de la maleza de los cafetales.<\/p>\n\n\n\n<div style=\"height:100px\" aria-hidden=\"true\" class=\"wp-block-spacer\"><\/div>\n","protected":false},"excerpt":{"rendered":"<p>\u00c1rea de Potreros En el \u00e1rea de potreros se mantiene una cantidad promedio de 10 cabezas de ganado con el prop\u00f3sito de obtener carne y leche para generar un ingreso &#8230;<\/p>\n","protected":false},"author":1,"featured_media":0,"parent":0,"menu_order":0,"comment_status":"closed","ping_status":"closed","template":"","meta":{"nf_dc_page":"","om_disable_all_campaigns":false,"WB4WB4WP_MODE":"","WB4WP_PAGE_SCRIPTS":"","WB4WP_PAGE_STYLES":"","WB4WP_PAGE_FONTS":"","WB4WP_PAGE_HEADER":"","WB4WP_PAGE_FOOTER":"","_monsterinsights_skip_tracking":false,"_monsterinsights_sitenote_active":false,"_monsterinsights_sitenote_note":"","_monsterinsights_sitenote_category":0,"footnotes":""},"class_list":["post-44","page","type-page","status-publish","hentry"],"aioseo_notices":[],"jetpack_sharing_enabled":true,"_links":{"self":[{"href":"https:\/\/www.roblenegrocr.com\/index.php?rest_route=\/wp\/v2\/pages\/44","targetHints":{"allow":["GET"]}}],"collection":[{"href":"https:\/\/www.roblenegrocr.com\/index.php?rest_route=\/wp\/v2\/pages"}],"about":[{"href":"https:\/\/www.roblenegrocr.com\/index.php?rest_route=\/wp\/v2\/types\/page"}],"author":[{"embeddable":true,"href":"https:\/\/www.roblenegrocr.com\/index.php?rest_route=\/wp\/v2\/users\/1"}],"replies":[{"embeddable":true,"href":"https:\/\/www.roblenegrocr.com\/index.php?rest_route=%2Fwp%2Fv2%2Fcomments&post=44"}],"version-history":[{"count":3,"href":"https:\/\/www.roblenegrocr.com\/index.php?rest_route=\/wp\/v2\/pages\/44\/revisions"}],"predecessor-version":[{"id":119,"href":"https:\/\/www.roblenegrocr.com\/index.php?rest_route=\/wp\/v2\/pages\/44\/revisions\/119"}],"wp:attachment":[{"href":"https:\/\/www.roblenegrocr.com\/index.php?rest_route=%2Fwp%2Fv2%2Fmedia&parent=44"}],"curies":[{"name":"wp","href":"https:\/\/api.w.org\/{rel}","templated":true}]}}