{"id":41,"date":"2021-07-21T18:49:14","date_gmt":"2021-07-21T18:49:14","guid":{"rendered":"https:\/\/www.roblenegrocr.com\/?page_id=41"},"modified":"2021-07-22T01:34:41","modified_gmt":"2021-07-22T01:34:41","slug":"caracteristicas-de-la-finca","status":"publish","type":"page","link":"https:\/\/www.roblenegrocr.com\/?page_id=41","title":{"rendered":"Caracter\u00edsticas de la finca"},"content":{"rendered":"\n<h2 class=\"wp-block-heading\"><strong>Caracter\u00edsticas de la finca<\/strong><\/h2>\n\n\n\n<ul class=\"wp-block-list\"><li>Altura: avg de 1850 msnm<\/li><li>Ubicaci\u00f3n de la finca: Tarbaca, San Jos\u00e9.<\/li><li>Regi\u00f3n de caf\u00e9: Tarraz\u00fa<\/li><li>Superficie territorio: 22.5 Hect\u00e1reas<ul><li>12 Ha de Bosques Primarios y Secundarios<\/li><\/ul><ul><li>6.5 Ha de reforestaci\u00f3n<\/li><\/ul><ul><li>3 Ha de cultivos de caf\u00e9<\/li><\/ul><ul><li>1 Ha dedicada al beneficio ecol\u00f3gico, siembra de granos y hortalizas<\/li><\/ul><\/li><li>Nacientes de agua: 6<\/li><\/ul>\n","protected":false},"excerpt":{"rendered":"<p>Caracter\u00edsticas de la finca Altura: avg de 1850 msnm Ubicaci\u00f3n de la finca: Tarbaca, San Jos\u00e9. Regi\u00f3n de caf\u00e9: Tarraz\u00fa Superficie territorio: 22.5 Hect\u00e1reas 12 Ha de Bosques Primarios y &#8230;<\/p>\n","protected":false},"author":1,"featured_media":0,"parent":0,"menu_order":0,"comment_status":"closed","ping_status":"closed","template":"","meta":{"nf_dc_page":"","om_disable_all_campaigns":false,"WB4WB4WP_MODE":"","WB4WP_PAGE_SCRIPTS":"","WB4WP_PAGE_STYLES":"","WB4WP_PAGE_FONTS":"","WB4WP_PAGE_HEADER":"","WB4WP_PAGE_FOOTER":"","_monsterinsights_skip_tracking":false,"_monsterinsights_sitenote_active":false,"_monsterinsights_sitenote_note":"","_monsterinsights_sitenote_category":0,"footnotes":""},"class_list":["post-41","page","type-page","status-publish","hentry"],"aioseo_notices":[],"jetpack_sharing_enabled":true,"_links":{"self":[{"href":"https:\/\/www.roblenegrocr.com\/index.php?rest_route=\/wp\/v2\/pages\/41","targetHints":{"allow":["GET"]}}],"collection":[{"href":"https:\/\/www.roblenegrocr.com\/index.php?rest_route=\/wp\/v2\/pages"}],"about":[{"href":"https:\/\/www.roblenegrocr.com\/index.php?rest_route=\/wp\/v2\/types\/page"}],"author":[{"embeddable":true,"href":"https:\/\/www.roblenegrocr.com\/index.php?rest_route=\/wp\/v2\/users\/1"}],"replies":[{"embeddable":true,"href":"https:\/\/www.roblenegrocr.com\/index.php?rest_route=%2Fwp%2Fv2%2Fcomments&post=41"}],"version-history":[{"count":2,"href":"https:\/\/www.roblenegrocr.com\/index.php?rest_route=\/wp\/v2\/pages\/41\/revisions"}],"predecessor-version":[{"id":150,"href":"https:\/\/www.roblenegrocr.com\/index.php?rest_route=\/wp\/v2\/pages\/41\/revisions\/150"}],"wp:attachment":[{"href":"https:\/\/www.roblenegrocr.com\/index.php?rest_route=%2Fwp%2Fv2%2Fmedia&parent=41"}],"curies":[{"name":"wp","href":"https:\/\/api.w.org\/{rel}","templated":true}]}}