{"id":24,"date":"2021-07-21T18:46:34","date_gmt":"2021-07-21T18:46:34","guid":{"rendered":"https:\/\/www.roblenegrocr.com\/?page_id=24"},"modified":"2021-07-21T20:00:22","modified_gmt":"2021-07-21T20:00:22","slug":"objetivos-de-sostenibilidad-de-acuerdo-a-los-objetivos-de-la-onu","status":"publish","type":"page","link":"https:\/\/www.roblenegrocr.com\/?page_id=24","title":{"rendered":"Objetivos de Sostenibilidad de acuerdo a los objetivos de la ONU"},"content":{"rendered":"\n<h2 class=\"wp-block-heading\">Objetivos de desarrollo sostenible de la ONU<\/h2>\n\n\n\n<p>De los 17 objetivos de sostenibilidad de la ONU, en Roble Negro destacan los siguientes:<\/p>\n\n\n\n<div style=\"height:100px\" aria-hidden=\"true\" class=\"wp-block-spacer\"><\/div>\n\n\n\n<ol class=\"wp-block-list\" type=\"1\"><li><strong>Trabajo Decente y Crecimiento Econ\u00f3mico<\/strong><\/li><\/ol>\n\n\n\n<p>&nbsp;En Roble Negro nos preocupamos por nuestros colaboradores, es por esto que durante la cosecha nos aseguramos de que nuestros recolectores tengan hospedaje gratuito en nuestras caba\u00f1as, as\u00ed como comida, puesto que la mayor\u00eda del consumo de alimentos son sembrados en la finca.<\/p>\n\n\n\n<p>Adem\u00e1s, a nuestros recolectores les pagamos un 50% m\u00e1s por cajuela recolectada para en primer lugar asegurarnos de que cuiden del bosque, de las plantas de caf\u00e9 y de la producci\u00f3n, y en segundo lugar, para que tengan un mejor salario y puedan aspirar a un mayor crecimiento econ\u00f3mico personal.2<\/p>\n\n\n\n<p><\/p>\n\n\n\n<p>2. <strong>Producci\u00f3n y consumo responsable<\/strong><\/p>\n\n\n\n<p>Nuestra producci\u00f3n de caf\u00e9 est\u00e1 enfocada en el cuido de los bosques y de los mantos acu\u00edferos de la finca, por lo que nos aseguramos de utilizar la menor cantidad de fungicidas qu\u00edmicos posible (no se utilizan herbicidas). Se usan fungicidas naturales como los microorganismos de monta\u00f1a y la tricoderma.<\/p>\n\n\n\n<p>Tambi\u00e9n es importante destacar que la finca es autosustentable. Se siembran legumbres y vegetales utilizados en el consumo de los trabajadores. Se tiene ganado y ovejas, por lo que tambi\u00e9n se producen l\u00e1cteos y se obtiene carne.<\/p>\n\n\n\n<p>3. <strong>Acci\u00f3n por el cambio clim\u00e1tico:<\/strong><\/p>\n\n\n\n<p>Estamos 100% comprometidos con la lucha contra el cambio clim\u00e1tico, es por esto nuestro principal objetivo es proteger las 12 hect\u00e1reas de bosques primarios y secundarios de la finca, asegurando un equilibrio en el ecosistema y preservando la naturaleza end\u00e9mica de la zona.<\/p>\n\n\n\n<p>Adem\u00e1s, todos los a\u00f1os realizamos siembras de \u00e1rboles nuevos en donde realizamos charlas con estudiantes para resaltar la importancia que tiene esta pr\u00e1ctica para el medio ambiente.<\/p>\n\n\n\n<p>4. <strong>Vida Submarina<\/strong><\/p>\n\n\n\n<p>La finca tiene 6 nacientes de agua y nuestro compromiso es mantener cada uno de esos mantos acu\u00edferos limpios, es por esto que durante el beneficiado del caf\u00e9 nos aseguramos de no eliminar aguas sucias en ninguna fuente de agua, de esta forma aseguramos un cuido de los r\u00edos y en \u00faltima instancia de la vida submarina.<\/p>\n\n\n\n<p>5. <strong>Energ\u00eda Asequible y no contaminante<\/strong><\/p>\n\n\n\n<p>Estamos trabajando para utilizar 100% energ\u00eda limpia a trav\u00e9s del uso de paneles solares. Esta energ\u00eda nos permitir\u00e1 alimentar las m\u00e1quinas del beneficio, as\u00ed como las caba\u00f1as.<\/p>\n\n\n\n<div style=\"height:100px\" aria-hidden=\"true\" class=\"wp-block-spacer\"><\/div>\n\n\n\n<p>Para m\u00e1s informaci\u00f3n sobre los objetivos de desarrollo sostenible de la ONU, ir a:<\/p>\n\n\n\n<div class=\"wp-block-buttons is-layout-flex wp-block-buttons-is-layout-flex\">\n<div class=\"wp-block-button\"><a class=\"wp-block-button__link\" href=\"https:\/\/www.un.org\/sustainabledevelopment\/es\/objetivos-de-desarrollo-sostenible\/\">ONU<\/a><\/div>\n<\/div>\n\n\n\n<div style=\"height:100px\" aria-hidden=\"true\" class=\"wp-block-spacer\"><\/div>\n","protected":false},"excerpt":{"rendered":"<p>Objetivos de desarrollo sostenible de la ONU De los 17 objetivos de sostenibilidad de la ONU, en Roble Negro destacan los siguientes: Trabajo Decente y Crecimiento Econ\u00f3mico &nbsp;En Roble Negro &#8230;<\/p>\n","protected":false},"author":1,"featured_media":0,"parent":0,"menu_order":0,"comment_status":"closed","ping_status":"closed","template":"","meta":{"nf_dc_page":"","om_disable_all_campaigns":false,"WB4WB4WP_MODE":"","WB4WP_PAGE_SCRIPTS":"","WB4WP_PAGE_STYLES":"","WB4WP_PAGE_FONTS":"","WB4WP_PAGE_HEADER":"","WB4WP_PAGE_FOOTER":"","_monsterinsights_skip_tracking":false,"_monsterinsights_sitenote_active":false,"_monsterinsights_sitenote_note":"","_monsterinsights_sitenote_category":0,"footnotes":""},"class_list":["post-24","page","type-page","status-publish","hentry"],"aioseo_notices":[],"jetpack_sharing_enabled":true,"_links":{"self":[{"href":"https:\/\/www.roblenegrocr.com\/index.php?rest_route=\/wp\/v2\/pages\/24","targetHints":{"allow":["GET"]}}],"collection":[{"href":"https:\/\/www.roblenegrocr.com\/index.php?rest_route=\/wp\/v2\/pages"}],"about":[{"href":"https:\/\/www.roblenegrocr.com\/index.php?rest_route=\/wp\/v2\/types\/page"}],"author":[{"embeddable":true,"href":"https:\/\/www.roblenegrocr.com\/index.php?rest_route=\/wp\/v2\/users\/1"}],"replies":[{"embeddable":true,"href":"https:\/\/www.roblenegrocr.com\/index.php?rest_route=%2Fwp%2Fv2%2Fcomments&post=24"}],"version-history":[{"count":2,"href":"https:\/\/www.roblenegrocr.com\/index.php?rest_route=\/wp\/v2\/pages\/24\/revisions"}],"predecessor-version":[{"id":113,"href":"https:\/\/www.roblenegrocr.com\/index.php?rest_route=\/wp\/v2\/pages\/24\/revisions\/113"}],"wp:attachment":[{"href":"https:\/\/www.roblenegrocr.com\/index.php?rest_route=%2Fwp%2Fv2%2Fmedia&parent=24"}],"curies":[{"name":"wp","href":"https:\/\/api.w.org\/{rel}","templated":true}]}}