{"id":10,"date":"2021-07-21T18:43:55","date_gmt":"2021-07-21T18:43:55","guid":{"rendered":"https:\/\/www.roblenegrocr.com\/?page_id=10"},"modified":"2021-07-21T19:38:12","modified_gmt":"2021-07-21T19:38:12","slug":"historia-de-roble-negro","status":"publish","type":"page","link":"https:\/\/www.roblenegrocr.com\/?page_id=10","title":{"rendered":"Historia de Roble Negro"},"content":{"rendered":"\n<h2 class=\"wp-block-heading\"><strong>Historia de Roble Negro<\/strong><\/h2>\n\n\n\n<div style=\"height:100px\" aria-hidden=\"true\" class=\"wp-block-spacer\"><\/div>\n\n\n\n<p>Roble Negro nace en el 2018 gracias al esfuerzo y dedicaci\u00f3n de Jorge V\u00e1squez Ure\u00f1a. Despu\u00e9s de dedicarse por m\u00e1s de 43 a\u00f1os al cultivo y producci\u00f3n de caf\u00e9, funda Roble Negro J.V.U. para seguir con la tradici\u00f3n familiar y continuar contribuyendo con el desarrollo de caf\u00e9 de especialidad.<\/p>\n\n\n\n<p>El caf\u00e9 de Roble Negro es cultivado en la finca de don Jorge, la cual est\u00e1 ubicada en Cedral Alto de Tarbaca, en el cant\u00f3n de Aserr\u00ed, a unos 25km de la capital. La finca se encuentra en promedio a 1.850 msnm y por su ubicaci\u00f3n est\u00e1 catalogada dentro de la zona de Tarraz\u00fa.<\/p>\n\n\n\n<p>La finca cuenta con 22.5 hect\u00e1reas de tierra, de las cuales actualmente 12 son de bosque primario y secundario, 6.5 de reforestaci\u00f3n y potreros, 3 destinadas al cultivo de caf\u00e9 y 1 dedicada al beneficio ecol\u00f3gico y a la siembra de granos y hortalizas. Adem\u00e1s, la propiedad tiene 6 nacientes de agua, lo que ayuda a que exista bastantes especies end\u00e9micas de flora y fauna costarricense.<\/p>\n\n\n\n<p>El caf\u00e9 de Roble Negro es de variedad 100% Ar\u00e1bico, con cultivos de Catua\u00ed Rojo, Amarillo y Geisha.<\/p>\n\n\n\n<div style=\"height:100px\" aria-hidden=\"true\" class=\"wp-block-spacer\"><\/div>\n\n\n\n<p><\/p>\n","protected":false},"excerpt":{"rendered":"<p>Historia de Roble Negro Roble Negro nace en el 2018 gracias al esfuerzo y dedicaci\u00f3n de Jorge V\u00e1squez Ure\u00f1a. Despu\u00e9s de dedicarse por m\u00e1s de 43 a\u00f1os al cultivo y &#8230;<\/p>\n","protected":false},"author":1,"featured_media":0,"parent":0,"menu_order":0,"comment_status":"closed","ping_status":"closed","template":"","meta":{"nf_dc_page":"","om_disable_all_campaigns":false,"WB4WB4WP_MODE":"","WB4WP_PAGE_SCRIPTS":"","WB4WP_PAGE_STYLES":"","WB4WP_PAGE_FONTS":"","WB4WP_PAGE_HEADER":"","WB4WP_PAGE_FOOTER":"","_monsterinsights_skip_tracking":false,"_monsterinsights_sitenote_active":false,"_monsterinsights_sitenote_note":"","_monsterinsights_sitenote_category":0,"footnotes":""},"class_list":["post-10","page","type-page","status-publish","hentry"],"aioseo_notices":[],"jetpack_sharing_enabled":true,"_links":{"self":[{"href":"https:\/\/www.roblenegrocr.com\/index.php?rest_route=\/wp\/v2\/pages\/10","targetHints":{"allow":["GET"]}}],"collection":[{"href":"https:\/\/www.roblenegrocr.com\/index.php?rest_route=\/wp\/v2\/pages"}],"about":[{"href":"https:\/\/www.roblenegrocr.com\/index.php?rest_route=\/wp\/v2\/types\/page"}],"author":[{"embeddable":true,"href":"https:\/\/www.roblenegrocr.com\/index.php?rest_route=\/wp\/v2\/users\/1"}],"replies":[{"embeddable":true,"href":"https:\/\/www.roblenegrocr.com\/index.php?rest_route=%2Fwp%2Fv2%2Fcomments&post=10"}],"version-history":[{"count":2,"href":"https:\/\/www.roblenegrocr.com\/index.php?rest_route=\/wp\/v2\/pages\/10\/revisions"}],"predecessor-version":[{"id":107,"href":"https:\/\/www.roblenegrocr.com\/index.php?rest_route=\/wp\/v2\/pages\/10\/revisions\/107"}],"wp:attachment":[{"href":"https:\/\/www.roblenegrocr.com\/index.php?rest_route=%2Fwp%2Fv2%2Fmedia&parent=10"}],"curies":[{"name":"wp","href":"https:\/\/api.w.org\/{rel}","templated":true}]}}